{"id":127,"date":"2024-11-23T14:16:32","date_gmt":"2024-11-23T14:16:32","guid":{"rendered":"https:\/\/paulusundgrodonvereint.de\/?page_id=127"},"modified":"2024-11-28T21:34:42","modified_gmt":"2024-11-28T21:34:42","slug":"tagesablauf","status":"publish","type":"page","link":"https:\/\/paulusundgrodonvereint.de\/?page_id=127","title":{"rendered":"Tagesablauf"},"content":{"rendered":"\n<div class=\"wp-block-group alignfull has-background-background-color has-background has-global-padding is-layout-constrained wp-container-core-group-is-layout-fb85e995 wp-block-group-is-layout-constrained\" style=\"margin-top:0;margin-bottom:0;padding-top:var(--wp--preset--spacing--60);padding-right:var(--wp--preset--spacing--30);padding-bottom:var(--wp--preset--spacing--60);padding-left:var(--wp--preset--spacing--30)\">\n<div class=\"wp-block-group alignwide has-global-padding is-content-justification-left is-layout-constrained wp-container-core-group-is-layout-12dd3699 wp-block-group-is-layout-constrained\">\n<h2 class=\"wp-block-heading has-large-font-size\">SO SIEHT UNSER ZEITPLAN aus<\/h2>\n\n\n\n<p style=\"margin-top:16px\">Party hard. <\/p>\n<\/div>\n\n\n\n<div class=\"wp-block-group alignwide has-tertiary-background-color has-background is-layout-flex wp-block-group-is-layout-flex\" style=\"border-radius:4px;padding-top:0;padding-right:0;padding-bottom:0;padding-left:0\">\n<div class=\"wp-block-cover wp-container-content-1559d078\" style=\"padding-right:var(--wp--preset--spacing--80);padding-left:var(--wp--preset--spacing--80);min-height:399px;aspect-ratio:unset;\"><span aria-hidden=\"true\" class=\"wp-block-cover__background has-background-dim-0 has-background-dim\" style=\"background-color:#886562\"><\/span><img loading=\"lazy\" decoding=\"async\" width=\"1536\" height=\"2048\" class=\"wp-block-cover__image-background wp-image-154\" alt=\"\" src=\"https:\/\/paulusundgrodonvereint.de\/wp-content\/uploads\/2024\/11\/WhatsApp-Bild-2024-11-06-um-17.12.07_cf790537.jpg\" data-object-fit=\"cover\" srcset=\"https:\/\/paulusundgrodonvereint.de\/wp-content\/uploads\/2024\/11\/WhatsApp-Bild-2024-11-06-um-17.12.07_cf790537.jpg 1536w, https:\/\/paulusundgrodonvereint.de\/wp-content\/uploads\/2024\/11\/WhatsApp-Bild-2024-11-06-um-17.12.07_cf790537-225x300.jpg 225w, https:\/\/paulusundgrodonvereint.de\/wp-content\/uploads\/2024\/11\/WhatsApp-Bild-2024-11-06-um-17.12.07_cf790537-768x1024.jpg 768w, https:\/\/paulusundgrodonvereint.de\/wp-content\/uploads\/2024\/11\/WhatsApp-Bild-2024-11-06-um-17.12.07_cf790537-1152x1536.jpg 1152w\" sizes=\"auto, (max-width: 1536px) 100vw, 1536px\" \/><div class=\"wp-block-cover__inner-container has-global-padding is-layout-constrained wp-container-core-cover-is-layout-caa2d89a wp-block-cover-is-layout-constrained\">\n<div style=\"height:200px;width:0px\" aria-hidden=\"true\" class=\"wp-block-spacer\"><\/div>\n<\/div><\/div>\n\n\n\n<div class=\"wp-block-group has-global-padding is-layout-constrained wp-block-group-is-layout-constrained\" style=\"padding-top:var(--wp--preset--spacing--40);padding-bottom:var(--wp--preset--spacing--40)\">\n<h3 class=\"wp-block-heading\" style=\"font-size:clamp(1.119rem, 1.119rem + ((1vw - 0.2rem) * 1.052), 1.75rem);line-height:1.5\">Freitag werden die Ersten empfangen<\/h3>\n\n\n\n<p class=\"has-text-align-left has-small-font-size\" style=\"margin-top:3px;font-style:normal;font-weight:600;text-transform:none\">04.07.2025<\/p>\n\n\n\n<p class=\"has-small-font-size\" style=\"margin-top:12px\">Genie\u00dfen Sie eine romantische Auszeit in den Hexeng\u00e4rten. <br>Wer Lust, Zeit und Nerven hat den hei\u00dfen wir gerne schon Freitag willkommen, einfach gerne Bescheid geben, f\u00fcr Abholung und Einkauf.<\/p>\n<\/div>\n<\/div>\n\n\n\n<div class=\"wp-block-group alignwide has-tertiary-background-color has-background is-layout-flex wp-block-group-is-layout-flex\" style=\"border-radius:4px;padding-top:0;padding-right:0;padding-bottom:0;padding-left:0\">\n<div class=\"wp-block-cover wp-container-content-1559d078\" style=\"padding-right:var(--wp--preset--spacing--80);padding-left:var(--wp--preset--spacing--80);min-height:100%;aspect-ratio:unset;\"><span aria-hidden=\"true\" class=\"wp-block-cover__background has-background-dim-0 has-background-dim\" style=\"background-color:#806752\"><\/span><img loading=\"lazy\" decoding=\"async\" width=\"2048\" height=\"1532\" class=\"wp-block-cover__image-background wp-image-156\" alt=\"\" src=\"https:\/\/paulusundgrodonvereint.de\/wp-content\/uploads\/2024\/11\/WhatsApp-Bild-2024-11-06-um-17.06.11_90c03986-1.jpg\" data-object-fit=\"cover\" srcset=\"https:\/\/paulusundgrodonvereint.de\/wp-content\/uploads\/2024\/11\/WhatsApp-Bild-2024-11-06-um-17.06.11_90c03986-1.jpg 2048w, https:\/\/paulusundgrodonvereint.de\/wp-content\/uploads\/2024\/11\/WhatsApp-Bild-2024-11-06-um-17.06.11_90c03986-1-300x224.jpg 300w, https:\/\/paulusundgrodonvereint.de\/wp-content\/uploads\/2024\/11\/WhatsApp-Bild-2024-11-06-um-17.06.11_90c03986-1-1024x766.jpg 1024w, https:\/\/paulusundgrodonvereint.de\/wp-content\/uploads\/2024\/11\/WhatsApp-Bild-2024-11-06-um-17.06.11_90c03986-1-768x575.jpg 768w, https:\/\/paulusundgrodonvereint.de\/wp-content\/uploads\/2024\/11\/WhatsApp-Bild-2024-11-06-um-17.06.11_90c03986-1-1536x1149.jpg 1536w\" sizes=\"auto, (max-width: 2048px) 100vw, 2048px\" \/><div class=\"wp-block-cover__inner-container has-global-padding is-layout-constrained wp-container-core-cover-is-layout-caa2d89a wp-block-cover-is-layout-constrained\">\n<div style=\"height:200px;width:0px\" aria-hidden=\"true\" class=\"wp-block-spacer\"><\/div>\n<\/div><\/div>\n\n\n\n<div class=\"wp-block-group has-global-padding is-layout-constrained wp-block-group-is-layout-constrained\" style=\"padding-top:var(--wp--preset--spacing--40);padding-bottom:var(--wp--preset--spacing--40)\">\n<h3 class=\"wp-block-heading\" style=\"font-size:clamp(1.119rem, 1.119rem + ((1vw - 0.2rem) * 1.052), 1.75rem);line-height:1.5\">Samstag Fr\u00fchs bis Vormittags wird abgeholt und h\u00fcbsch gemacht <\/h3>\n\n\n\n<p class=\"has-text-align-left has-small-font-size\" style=\"margin-top:3px;font-style:normal;font-weight:600;text-transform:none\">05.07.2025<\/p>\n\n\n\n<p class=\"has-small-font-size\" style=\"margin-top:12px\">Samstag zwischen 08:00 und 14:00 Uhr werden die letzten Vorbereitungen getroffen, der Rest vom Bahnhof abgeholt und sich schick und frisch gemacht. Die Zeiten f\u00fcr die Zugverbindung und Abholung per Shuttlebus werden dann noch rechtzeitig bekannt gegeben.<\/p>\n<\/div>\n<\/div>\n\n\n\n<div class=\"wp-block-group alignwide has-tertiary-background-color has-background is-layout-flex wp-block-group-is-layout-flex\" style=\"border-radius:4px;padding-top:0;padding-right:0;padding-bottom:0;padding-left:0\">\n<div class=\"wp-block-cover wp-container-content-1559d078\" style=\"padding-right:var(--wp--preset--spacing--80);padding-left:var(--wp--preset--spacing--80);min-height:100%;aspect-ratio:unset;\"><span aria-hidden=\"true\" class=\"wp-block-cover__background has-background-dim-0 has-background-dim\" style=\"background-color:#3d2d2e\"><\/span><img loading=\"lazy\" decoding=\"async\" width=\"1599\" height=\"1200\" class=\"wp-block-cover__image-background wp-image-158\" alt=\"\" src=\"https:\/\/paulusundgrodonvereint.de\/wp-content\/uploads\/2024\/11\/WhatsApp-Bild-2024-11-28-um-19.48.41_bfe29e8b.jpg\" data-object-fit=\"cover\" srcset=\"https:\/\/paulusundgrodonvereint.de\/wp-content\/uploads\/2024\/11\/WhatsApp-Bild-2024-11-28-um-19.48.41_bfe29e8b.jpg 1599w, https:\/\/paulusundgrodonvereint.de\/wp-content\/uploads\/2024\/11\/WhatsApp-Bild-2024-11-28-um-19.48.41_bfe29e8b-300x225.jpg 300w, https:\/\/paulusundgrodonvereint.de\/wp-content\/uploads\/2024\/11\/WhatsApp-Bild-2024-11-28-um-19.48.41_bfe29e8b-1024x768.jpg 1024w, https:\/\/paulusundgrodonvereint.de\/wp-content\/uploads\/2024\/11\/WhatsApp-Bild-2024-11-28-um-19.48.41_bfe29e8b-768x576.jpg 768w, https:\/\/paulusundgrodonvereint.de\/wp-content\/uploads\/2024\/11\/WhatsApp-Bild-2024-11-28-um-19.48.41_bfe29e8b-1536x1153.jpg 1536w\" sizes=\"auto, (max-width: 1599px) 100vw, 1599px\" \/><div class=\"wp-block-cover__inner-container has-global-padding is-layout-constrained wp-container-core-cover-is-layout-caa2d89a wp-block-cover-is-layout-constrained\">\n<div style=\"height:200px;width:0px\" aria-hidden=\"true\" class=\"wp-block-spacer\"><\/div>\n<\/div><\/div>\n\n\n\n<div class=\"wp-block-group has-global-padding is-layout-constrained wp-block-group-is-layout-constrained\" style=\"padding-top:var(--wp--preset--spacing--40);padding-bottom:var(--wp--preset--spacing--40)\">\n<h3 class=\"wp-block-heading\" style=\"font-size:clamp(1.119rem, 1.119rem + ((1vw - 0.2rem) * 1.052), 1.75rem);line-height:1.5\">Es wird geheiratet <\/h3>\n\n\n\n<p class=\"has-text-align-left has-small-font-size\" style=\"margin-top:3px;font-style:normal;font-weight:600;text-transform:none\">05.07.2015<\/p>\n\n\n\n<p class=\"has-small-font-size\" style=\"margin-top:12px\">Ab 14:00 Uhr sollten sich langsam alle im Garten der Nachbarn einfinden, der Ort des Geschehens. Zu 15:00 Uhr hei\u00dft es dann heiraten!<\/p>\n<\/div>\n<\/div>\n\n\n\n<div class=\"wp-block-group alignwide has-tertiary-background-color has-background is-layout-flex wp-block-group-is-layout-flex\" style=\"border-radius:4px;padding-top:0;padding-right:0;padding-bottom:0;padding-left:0\">\n<div class=\"wp-block-cover wp-container-content-1559d078\" style=\"padding-right:var(--wp--preset--spacing--80);padding-left:var(--wp--preset--spacing--80);min-height:100%;aspect-ratio:unset;\"><span aria-hidden=\"true\" class=\"wp-block-cover__background has-background-dim-0 has-background-dim\" style=\"background-color:#5e6f5e\"><\/span><img loading=\"lazy\" decoding=\"async\" width=\"921\" height=\"2048\" class=\"wp-block-cover__image-background wp-image-157\" alt=\"\" src=\"https:\/\/paulusundgrodonvereint.de\/wp-content\/uploads\/2024\/11\/WhatsApp-Bild-2024-11-06-um-17.52.40_8363406b.jpg\" data-object-fit=\"cover\" srcset=\"https:\/\/paulusundgrodonvereint.de\/wp-content\/uploads\/2024\/11\/WhatsApp-Bild-2024-11-06-um-17.52.40_8363406b.jpg 921w, https:\/\/paulusundgrodonvereint.de\/wp-content\/uploads\/2024\/11\/WhatsApp-Bild-2024-11-06-um-17.52.40_8363406b-135x300.jpg 135w, https:\/\/paulusundgrodonvereint.de\/wp-content\/uploads\/2024\/11\/WhatsApp-Bild-2024-11-06-um-17.52.40_8363406b-461x1024.jpg 461w, https:\/\/paulusundgrodonvereint.de\/wp-content\/uploads\/2024\/11\/WhatsApp-Bild-2024-11-06-um-17.52.40_8363406b-768x1708.jpg 768w, https:\/\/paulusundgrodonvereint.de\/wp-content\/uploads\/2024\/11\/WhatsApp-Bild-2024-11-06-um-17.52.40_8363406b-691x1536.jpg 691w\" sizes=\"auto, (max-width: 921px) 100vw, 921px\" \/><div class=\"wp-block-cover__inner-container has-global-padding is-layout-constrained wp-container-core-cover-is-layout-caa2d89a wp-block-cover-is-layout-constrained\">\n<div style=\"height:200px;width:0px\" aria-hidden=\"true\" class=\"wp-block-spacer\"><\/div>\n<\/div><\/div>\n\n\n\n<div class=\"wp-block-group has-global-padding is-layout-constrained wp-block-group-is-layout-constrained\" style=\"padding-top:var(--wp--preset--spacing--40);padding-bottom:var(--wp--preset--spacing--40)\">\n<h3 class=\"wp-block-heading\" style=\"font-size:clamp(1.119rem, 1.119rem + ((1vw - 0.2rem) * 1.052), 1.75rem);line-height:1.5\">Magische Gartenparty unter dem Sternenhimmel<\/h3>\n\n\n\n<p class=\"has-text-align-left has-small-font-size\" style=\"margin-top:3px;font-style:normal;font-weight:600;text-transform:none\">05.07.2026<\/p>\n\n\n\n<p class=\"has-small-font-size\" style=\"margin-top:12px\">Feiern Sie im Zauber eines verwunschenen Gartens mit Live-Musik und Tanz<br><\/p>\n<\/div>\n<\/div>\n<\/div>\n","protected":false},"excerpt":{"rendered":"<p>SO SIEHT UNSER ZEITPLAN aus Party hard. Freitag werden die Ersten empfangen 04.07.2025 Genie\u00dfen Sie eine romantische Auszeit in den Hexeng\u00e4rten. Wer Lust, Zeit und Nerven hat den hei\u00dfen wir gerne schon Freitag willkommen, einfach gerne Bescheid geben, f\u00fcr Abholung und Einkauf. Samstag Fr\u00fchs bis Vormittags wird abgeholt und h\u00fcbsch gemacht 05.07.2025 Samstag zwischen 08:00 [&hellip;]<\/p>\n","protected":false},"author":1,"featured_media":0,"parent":0,"menu_order":0,"comment_status":"closed","ping_status":"closed","template":"","meta":{"_bbp_topic_count":0,"_bbp_reply_count":0,"_bbp_total_topic_count":0,"_bbp_total_reply_count":0,"_bbp_voice_count":0,"_bbp_anonymous_reply_count":0,"_bbp_topic_count_hidden":0,"_bbp_reply_count_hidden":0,"_bbp_forum_subforum_count":0,"footnotes":""},"class_list":["post-127","page","type-page","status-publish","hentry"],"_links":{"self":[{"href":"https:\/\/paulusundgrodonvereint.de\/index.php?rest_route=\/wp\/v2\/pages\/127","targetHints":{"allow":["GET"]}}],"collection":[{"href":"https:\/\/paulusundgrodonvereint.de\/index.php?rest_route=\/wp\/v2\/pages"}],"about":[{"href":"https:\/\/paulusundgrodonvereint.de\/index.php?rest_route=\/wp\/v2\/types\/page"}],"author":[{"embeddable":true,"href":"https:\/\/paulusundgrodonvereint.de\/index.php?rest_route=\/wp\/v2\/users\/1"}],"replies":[{"embeddable":true,"href":"https:\/\/paulusundgrodonvereint.de\/index.php?rest_route=%2Fwp%2Fv2%2Fcomments&post=127"}],"version-history":[{"count":9,"href":"https:\/\/paulusundgrodonvereint.de\/index.php?rest_route=\/wp\/v2\/pages\/127\/revisions"}],"predecessor-version":[{"id":195,"href":"https:\/\/paulusundgrodonvereint.de\/index.php?rest_route=\/wp\/v2\/pages\/127\/revisions\/195"}],"wp:attachment":[{"href":"https:\/\/paulusundgrodonvereint.de\/index.php?rest_route=%2Fwp%2Fv2%2Fmedia&parent=127"}],"curies":[{"name":"wp","href":"https:\/\/api.w.org\/{rel}","templated":true}]}}