{"id":217,"date":"2025-06-09T22:24:53","date_gmt":"2025-06-09T22:24:53","guid":{"rendered":"https:\/\/paulusundgrodonvereint.de\/?page_id=217"},"modified":"2025-06-09T22:28:49","modified_gmt":"2025-06-09T22:28:49","slug":"anreise","status":"publish","type":"page","link":"https:\/\/paulusundgrodonvereint.de\/?page_id=217","title":{"rendered":"ANREISE"},"content":{"rendered":"\n<p><strong>ANREISE<\/strong><\/p>\n\n\n\n<p>Hier findet Ihr die zeitlich passenden Verbindungen mit der Bahn f\u00fcr Samstag den 05.07.<\/p>\n\n\n\n<p><strong>Wenn Ihr erst Samstag am 05.07 anreist, versucht bitte zu 12 Uhr am Bahnhof zu sein, wenn Ihr vorher nicht ins Hotel m\u00fcsst. Da wir gegen 15 Uhr mit der Trauung starten wollen und Ihr vorher bestimmt noch Zeit ben\u00f6tigt, euch einzurichten und frisch zu machen. <\/strong><\/p>\n\n\n\n<p>Zudem m\u00fcssen wir dann nat\u00fcrlich eure Abholung organisieren und daf\u00fcr w\u00e4re es am besten wenn Ihr alles zur selben Zeit am Bahnhof seid. <\/p>\n\n\n\n<p>Solltet Ihr vorher ins Hotel \/ Hostel m\u00fcssen, w\u00e4re es nat\u00fcrlich besser wenn Ihr eure Anreise fr\u00fcher plant, solltet Ihr nicht schon am Abend vorher ankommen.<\/p>\n\n\n\n<p>Wenn Ihr Samstags ankommt und vorher ins Hotel m\u00fcsst oder wenn ihr erst sp\u00e4ter zur Party nachkommt, dann meldet euch direkt bei uns, damit wir eine extra Abholung abkl\u00e4ren k\u00f6nnen oder bestellt euch ein Taxi, die Taxinummern haben wir auf der Startseite angegeben. <\/p>\n\n\n\n<p><\/p>\n\n\n\n<p>Der 1. Screenshot ist die Verbindung vom HBF aus:<\/p>\n\n\n\n<figure class=\"wp-block-image size-full\"><img loading=\"lazy\" decoding=\"async\" width=\"739\" height=\"914\" src=\"https:\/\/paulusundgrodonvereint.de\/wp-content\/uploads\/2025\/06\/FahrplanHBF.png\" alt=\"\" class=\"wp-image-219\" srcset=\"https:\/\/paulusundgrodonvereint.de\/wp-content\/uploads\/2025\/06\/FahrplanHBF.png 739w, https:\/\/paulusundgrodonvereint.de\/wp-content\/uploads\/2025\/06\/FahrplanHBF-243x300.png 243w\" sizes=\"auto, (max-width: 739px) 100vw, 739px\" \/><\/figure>\n\n\n\n<p>Der 2. Screenshot ist f\u00fcr die Verbindung ab Ostkreuz:<\/p>\n\n\n\n<figure class=\"wp-block-image size-full\"><img loading=\"lazy\" decoding=\"async\" width=\"838\" height=\"677\" src=\"https:\/\/paulusundgrodonvereint.de\/wp-content\/uploads\/2025\/06\/FahrplanOSTKREUZ-1.png\" alt=\"\" class=\"wp-image-220\" srcset=\"https:\/\/paulusundgrodonvereint.de\/wp-content\/uploads\/2025\/06\/FahrplanOSTKREUZ-1.png 838w, https:\/\/paulusundgrodonvereint.de\/wp-content\/uploads\/2025\/06\/FahrplanOSTKREUZ-1-300x242.png 300w, https:\/\/paulusundgrodonvereint.de\/wp-content\/uploads\/2025\/06\/FahrplanOSTKREUZ-1-768x620.png 768w\" sizes=\"auto, (max-width: 838px) 100vw, 838px\" \/><\/figure>\n\n\n\n<p>Der 3. und 4. Screenshot sind f\u00fcr die Verbindung ab Spandau:<\/p>\n\n\n\n<figure class=\"wp-block-image size-full\"><img loading=\"lazy\" decoding=\"async\" width=\"841\" height=\"775\" src=\"https:\/\/paulusundgrodonvereint.de\/wp-content\/uploads\/2025\/06\/FahrplanSPANDAU_1.png\" alt=\"\" class=\"wp-image-221\" srcset=\"https:\/\/paulusundgrodonvereint.de\/wp-content\/uploads\/2025\/06\/FahrplanSPANDAU_1.png 841w, https:\/\/paulusundgrodonvereint.de\/wp-content\/uploads\/2025\/06\/FahrplanSPANDAU_1-300x276.png 300w, https:\/\/paulusundgrodonvereint.de\/wp-content\/uploads\/2025\/06\/FahrplanSPANDAU_1-768x708.png 768w\" sizes=\"auto, (max-width: 841px) 100vw, 841px\" \/><\/figure>\n\n\n\n<figure class=\"wp-block-image size-full\"><img loading=\"lazy\" decoding=\"async\" width=\"810\" height=\"619\" src=\"https:\/\/paulusundgrodonvereint.de\/wp-content\/uploads\/2025\/06\/FahrplanSPANDAU_2.png\" alt=\"\" class=\"wp-image-222\" srcset=\"https:\/\/paulusundgrodonvereint.de\/wp-content\/uploads\/2025\/06\/FahrplanSPANDAU_2.png 810w, https:\/\/paulusundgrodonvereint.de\/wp-content\/uploads\/2025\/06\/FahrplanSPANDAU_2-300x229.png 300w, https:\/\/paulusundgrodonvereint.de\/wp-content\/uploads\/2025\/06\/FahrplanSPANDAU_2-768x587.png 768w\" sizes=\"auto, (max-width: 810px) 100vw, 810px\" \/><\/figure>\n","protected":false},"excerpt":{"rendered":"<p>ANREISE Hier findet Ihr die zeitlich passenden Verbindungen mit der Bahn f\u00fcr Samstag den 05.07. Wenn Ihr erst Samstag am 05.07 anreist, versucht bitte zu 12 Uhr am Bahnhof zu sein, wenn Ihr vorher nicht ins Hotel m\u00fcsst. Da wir gegen 15 Uhr mit der Trauung starten wollen und Ihr vorher bestimmt noch Zeit ben\u00f6tigt, [&hellip;]<\/p>\n","protected":false},"author":1,"featured_media":0,"parent":0,"menu_order":0,"comment_status":"closed","ping_status":"closed","template":"","meta":{"_bbp_topic_count":0,"_bbp_reply_count":0,"_bbp_total_topic_count":0,"_bbp_total_reply_count":0,"_bbp_voice_count":0,"_bbp_anonymous_reply_count":0,"_bbp_topic_count_hidden":0,"_bbp_reply_count_hidden":0,"_bbp_forum_subforum_count":0,"footnotes":""},"class_list":["post-217","page","type-page","status-publish","hentry"],"_links":{"self":[{"href":"https:\/\/paulusundgrodonvereint.de\/index.php?rest_route=\/wp\/v2\/pages\/217","targetHints":{"allow":["GET"]}}],"collection":[{"href":"https:\/\/paulusundgrodonvereint.de\/index.php?rest_route=\/wp\/v2\/pages"}],"about":[{"href":"https:\/\/paulusundgrodonvereint.de\/index.php?rest_route=\/wp\/v2\/types\/page"}],"author":[{"embeddable":true,"href":"https:\/\/paulusundgrodonvereint.de\/index.php?rest_route=\/wp\/v2\/users\/1"}],"replies":[{"embeddable":true,"href":"https:\/\/paulusundgrodonvereint.de\/index.php?rest_route=%2Fwp%2Fv2%2Fcomments&post=217"}],"version-history":[{"count":4,"href":"https:\/\/paulusundgrodonvereint.de\/index.php?rest_route=\/wp\/v2\/pages\/217\/revisions"}],"predecessor-version":[{"id":228,"href":"https:\/\/paulusundgrodonvereint.de\/index.php?rest_route=\/wp\/v2\/pages\/217\/revisions\/228"}],"wp:attachment":[{"href":"https:\/\/paulusundgrodonvereint.de\/index.php?rest_route=%2Fwp%2Fv2%2Fmedia&parent=217"}],"curies":[{"name":"wp","href":"https:\/\/api.w.org\/{rel}","templated":true}]}}